{"id":6946,"date":"2024-05-28T10:13:01","date_gmt":"2024-05-28T08:13:01","guid":{"rendered":"https:\/\/abegg-stiftung.ch\/veranstaltungen\/"},"modified":"2025-05-26T08:29:16","modified_gmt":"2025-05-26T06:29:16","slug":"veranstaltungen","status":"publish","type":"page","link":"https:\/\/abegg-stiftung.ch\/en\/veranstaltungen\/","title":{"rendered":"Events"},"content":{"rendered":"<p><strong>Die Teilnahme<\/strong> an den Veranstaltungen und F\u00fchrungen ist kostenlos. Es gen\u00fcgt der Kauf eines Eintrittbillets von CHF\u00a010.\u2013 resp. CHF 5.\u2013 f\u00fcr Personen mit Erm\u00e4ssigung. <strong>Die Dauer<\/strong> betr\u00e4gt jeweils ca. 1 Stunde, sofern nicht anders angegeben. <strong>Eine Anmeldung<\/strong> ist in der Regel nicht n\u00f6tig.<br \/>\nWir freuen uns auf ihren Besuch.<\/p>\n<p>&nbsp;<\/p>\n<p><img decoding=\"async\" src=\"https:\/\/abegg-stiftung.ch\/app\/uploads\/2025\/04\/ABS_Veranstaltungen_Inv.-Nr.-8.52.63.jpg\" \/><span style=\"color: #d37e40;\">Mittwoch, 4. Juni 2025, 16:00 Uhr<\/span><br \/>\n<strong>Meisterwerke massenhaft \u2013 Mittelalterliche Emailarbeiten aus Limoges. <\/strong>Themenf\u00fchrung in der Dauerausstellung mit Dr. Michael Peter, Kurator<\/p>\n<p>&nbsp;<\/p>\n<p><img decoding=\"async\" src=\"https:\/\/abegg-stiftung.ch\/app\/uploads\/2025\/04\/ABS_Veranstaltung_1.jpg\" \/><span style=\"color: #d37e40;\">Sonntag, 8. Juni 2025, 14:30 Uhr<\/span><br \/>\n<strong>\u00d6ffentliche F\u00fchrung<\/strong> durch die Sonderausstellung \u00abDie Bl\u00fctezeit Indiens \u2013 Textilien aus dem Mogulreich\u00bb.<\/p>\n<p>&nbsp;<\/p>\n<p><img decoding=\"async\" src=\"https:\/\/abegg-stiftung.ch\/app\/uploads\/2025\/04\/ABS_Veranstaltung_1.jpg\" \/><span style=\"color: #d37e40;\">Sonntag, 22. Juni 2025, 14:30 Uhr<\/span><br \/>\n<strong>\u00d6ffentliche F\u00fchrung<\/strong> durch die Sonderausstellung \u00abDie Bl\u00fctezeit Indiens \u2013 Textilien aus dem Mogulreich\u00bb.<\/p>\n<p>&nbsp;<\/p>\n<p><img decoding=\"async\" src=\"https:\/\/abegg-stiftung.ch\/app\/uploads\/2025\/04\/ABS_Veranstaltungen_Inv.-Nr.-5863.jpg\" \/><span style=\"color: #d37e40;\">Mittwoch, 2. Juli 2025, 16:00 Uhr<\/span><br \/>\n<strong>Gef\u00e4rbt, bedruckt, bemalt \u2013 Wie kommt Farbe in den Stoff? <\/strong>Themenf\u00fchrung mit Dr. Agnieszka Wos Jucker, Textilrestauratorin<\/p>\n<p>&nbsp;<\/p>\n<p><img decoding=\"async\" src=\"https:\/\/abegg-stiftung.ch\/app\/uploads\/2025\/04\/ABS_Veranstaltung_1.jpg\" \/><span style=\"color: #d37e40;\">Sonntag, 6. Juli 2025, 14:30 Uhr<\/span><br \/>\n<strong>\u00d6ffentliche F\u00fchrung<\/strong> durch die Sonderausstellung \u00abDie Bl\u00fctezeit Indiens \u2013 Textilien aus dem Mogulreich\u00bb.<\/p>\n<p>&nbsp;<\/p>\n<p><img decoding=\"async\" src=\"https:\/\/abegg-stiftung.ch\/app\/uploads\/2025\/04\/ABS_Veranstaltungen_Inv.-Nr.-1143.jpg\" \/><span style=\"color: #d37e40;\">Mittwoch, 6. August 2025, 16:00 Uhr<\/span><br \/>\n<strong>Neue und alte Forschung zu mittelalterlichen Textilien aus Iran. <\/strong>Themenf\u00fchrung in der Dauerausstellung mit Dr. Regula Schorta, Direktorin<\/p>\n<p>&nbsp;<\/p>\n<p><img decoding=\"async\" src=\"https:\/\/abegg-stiftung.ch\/app\/uploads\/2025\/04\/ABS_Veranstaltung_1.jpg\" \/><span style=\"color: #d37e40;\">Sonntag, 17. August 2025, 14:30 Uhr<\/span><br \/>\n<strong>\u00d6ffentliche F\u00fchrung<\/strong> durch die Sonderausstellung \u00abDie Bl\u00fctezeit Indiens \u2013 Textilien aus dem Mogulreich\u00bb.<\/p>\n<p>&nbsp;<\/p>\n<p><img decoding=\"async\" src=\"https:\/\/abegg-stiftung.ch\/app\/uploads\/2025\/04\/ABS_Veranstaltung_1.jpg\" \/><span style=\"color: #d37e40;\">Sonntag, 31. August 2025, 14:30 Uhr<\/span><br \/>\n<strong>\u00d6ffentliche F\u00fchrung<\/strong> durch die Sonderausstellung \u00abDie Bl\u00fctezeit Indiens \u2013 Textilien aus dem Mogulreich\u00bb.<\/p>\n<p>&nbsp;<\/p>\n<p><img decoding=\"async\" src=\"https:\/\/abegg-stiftung.ch\/app\/uploads\/2025\/04\/ABS_Veranstaltungen_Inv.-Nr.-6021a-e1747647382267.jpg\" \/><span style=\"color: #d37e40;\">Mittwoch, 3. September 2025, 16:00 Uhr<\/span><br \/>\n<strong>Edle Post &#8211; F\u00fcrstliche Briefe in seidenen Beuteln. <\/strong>Themenf\u00fchrung mit Dr. Anna Jolly, Kuratorin<\/p>\n<p>&nbsp;<\/p>\n<p><img decoding=\"async\" src=\"https:\/\/abegg-stiftung.ch\/app\/uploads\/2025\/04\/ABS_Veranstaltung_1.jpg\" \/><span style=\"color: #d37e40;\">Sonntag, 21. September 2025, 14:30 Uhr<\/span><br \/>\n<strong>\u00d6ffentliche F\u00fchrung<\/strong> durch die Sonderausstellung \u00abDie Bl\u00fctezeit Indiens \u2013 Textilien aus dem Mogulreich\u00bb.<\/p>\n<p>&nbsp;<\/p>\n<p><img decoding=\"async\" src=\"https:\/\/abegg-stiftung.ch\/app\/uploads\/2025\/04\/ABS_Veranstaltung_1.jpg\" \/><span style=\"color: #d37e40;\">Dimanche, 28 septembre 2025, 14 h 30<\/span><br \/>\n<strong>Visite guid\u00e9e<\/strong> de l&#8217;exposition temporaire \u00abL&#8217;Inde florissante \u2013 Textiles de l&#8217;Empire moghol\u00bb.<\/p>\n<p>&nbsp;<\/p>\n<p><img decoding=\"async\" src=\"https:\/\/abegg-stiftung.ch\/app\/uploads\/2025\/04\/ABS_Veranstaltung_1.jpg\" \/><span style=\"color: #d37e40;\">Sonntag, 5. Oktober 2025, 14:30 Uhr<\/span><br \/>\n<strong>\u00d6ffentliche F\u00fchrung<\/strong> durch die Sonderausstellung \u00abDie Bl\u00fctezeit Indiens \u2013 Textilien aus dem Mogulreich\u00bb.<\/p>\n<p>&nbsp;<\/p>\n<p><span style=\"color: #d37e40;\">Mittwoch, 8. Oktober 2025, 16:00 Uhr<\/span><br \/>\n<strong>Zwei fr\u00fchneuzeitliche Wollstickereien mit Schweizer Bezug. <\/strong>Themenf\u00fchrung mit Lea Hunkeler, wissenschaftliche Mitarbeiterin<\/p>\n<p>&nbsp;<\/p>\n<p><img decoding=\"async\" src=\"https:\/\/abegg-stiftung.ch\/app\/uploads\/2025\/04\/ABS_Veranstaltung_1.jpg\" \/><span style=\"color: #d37e40;\">Sonntag, 26. Oktober 2025, 14:30 Uhr<\/span><br \/>\n<strong>\u00d6ffentliche F\u00fchrung<\/strong> durch die Sonderausstellung \u00abDie Bl\u00fctezeit Indiens \u2013 Textilien aus dem Mogulreich\u00bb.<\/p>\n<p>&nbsp;<\/p>\n<p><img decoding=\"async\" src=\"https:\/\/abegg-stiftung.ch\/app\/uploads\/2025\/04\/ABS_Veranstaltung_1.jpg\" \/><span style=\"color: #d37e40;\">Sonntag, 2. November 2025, 14:30 Uhr<\/span><br \/>\n<strong>\u00d6ffentliche F\u00fchrung<\/strong> durch die Sonderausstellung \u00abDie Bl\u00fctezeit Indiens \u2013 Textilien aus dem Mogulreich\u00bb.<\/p>\n<p>&nbsp;<\/p>\n<p><img decoding=\"async\" src=\"https:\/\/abegg-stiftung.ch\/app\/uploads\/2025\/04\/ABS_Veranstaltungen_Inv.-Nr.-5862.jpg\" \/><span style=\"color: #d37e40;\">Mittwoch, 5. November 2025, 16:00 Uhr<\/span><br \/>\n<strong>Im Museum ist tierisch was los &#8211; Wilde und zahme Tiere auf Stoffen. <\/strong>Kinderf\u00fchrung mit Dominique Wyss, wissenschaftliche Mitarbeiterin, und Nadine Kilchhofer, Textilrestauratorin<\/p>\n<p>&nbsp;<\/p>\n<p><img decoding=\"async\" src=\"https:\/\/abegg-stiftung.ch\/app\/uploads\/2025\/04\/ABS_Veranstaltung_1.jpg\" \/><span style=\"color: #d37e40;\">Sonntag, 9. November 2025, 14:30 Uhr<\/span><br \/>\n<strong>\u00d6ffentliche F\u00fchrung<\/strong> durch die Sonderausstellung \u00abDie Bl\u00fctezeit Indiens \u2013 Textilien aus dem Mogulreich\u00bb.<\/p>\n<p>&nbsp;<\/p>\n<p><strong>F\u00fchrungen f\u00fcr Gruppen<\/strong> sind ebenfalls m\u00f6glich. Telefonische Auskunft: 0041 (0)31 808 12 01<\/p>\n<p><strong>Abegg-Stiftung<\/strong> Werner Abeggstrasse 67, Postfach, CH-3132 Riggisberg<br \/>\nTelefon: 0041 (0)31 808 12 01, Fax: 0041 (0)31 808 12 00<br \/>\n<a href=\"mailto:info@abegg-stiftung.ch\">info@abegg-stiftung.ch<\/a><\/p>\n<p>&nbsp;<\/p>\n<p><a href=\"https:\/\/abegg-stiftung.ch\/collection\/augentaeuschung-textile-effekte-und-ihre-imitation-ab-28-april-2024\/\"><strong><span style=\"color: #e26b2a;\">Weiter zu Sonderausstellung<\/span><\/strong><\/a><\/p>\n","protected":false},"excerpt":{"rendered":"<p>Die Teilnahme an den Veranstaltungen und F\u00fchrungen ist kostenlos. Es gen\u00fcgt der Kauf eines Eintrittbillets von CHF\u00a010.\u2013 resp. CHF 5.\u2013 f\u00fcr Personen mit Erm\u00e4ssigung. Die Dauer betr\u00e4gt jeweils ca. 1 Stunde, sofern nicht anders angegeben. Eine Anmeldung ist in der Regel nicht n\u00f6tig. Wir freuen uns auf ihren Besuch. &nbsp; Mittwoch, 4. Juni 2025, 16:00 [&hellip;]<\/p>\n","protected":false},"author":5,"featured_media":0,"parent":0,"menu_order":0,"comment_status":"closed","ping_status":"closed","template":"","meta":{"_acf_changed":false,"footnotes":"","_links_to":"","_links_to_target":""},"class_list":["post-6946","page","type-page","status-publish","hentry"],"acf":[],"yoast_head":"<!-- This site is optimized with the Yoast SEO plugin v27.0 - https:\/\/yoast.com\/product\/yoast-seo-wordpress\/ -->\n<title>Events - Abegg-Stiftung<\/title>\n<meta name=\"robots\" content=\"index, follow, max-snippet:-1, max-image-preview:large, max-video-preview:-1\" \/>\n<link rel=\"canonical\" href=\"https:\/\/abegg-stiftung.ch\/en\/veranstaltungen\/\" \/>\n<meta property=\"og:locale\" content=\"en_US\" \/>\n<meta property=\"og:type\" content=\"article\" \/>\n<meta property=\"og:title\" content=\"Events - Abegg-Stiftung\" \/>\n<meta property=\"og:description\" content=\"Die Teilnahme an den Veranstaltungen und F\u00fchrungen ist kostenlos. Es gen\u00fcgt der Kauf eines Eintrittbillets von CHF\u00a010.\u2013 resp. CHF 5.\u2013 f\u00fcr Personen mit Erm\u00e4ssigung. Die Dauer betr\u00e4gt jeweils ca. 1 Stunde, sofern nicht anders angegeben. Eine Anmeldung ist in der Regel nicht n\u00f6tig. Wir freuen uns auf ihren Besuch. &nbsp; Mittwoch, 4. Juni 2025, 16:00 [&hellip;]\" \/>\n<meta property=\"og:url\" content=\"https:\/\/abegg-stiftung.ch\/en\/veranstaltungen\/\" \/>\n<meta property=\"og:site_name\" content=\"Abegg-Stiftung\" \/>\n<meta property=\"article:modified_time\" content=\"2025-05-26T06:29:16+00:00\" \/>\n<meta property=\"og:image\" content=\"https:\/\/abegg-stiftung.ch\/app\/uploads\/2025\/04\/ABS_Veranstaltungen_Inv.-Nr.-8.52.63.jpg\" \/>\n<meta name=\"twitter:card\" content=\"summary_large_image\" \/>\n<meta name=\"twitter:label1\" content=\"Est. reading time\" \/>\n\t<meta name=\"twitter:data1\" content=\"8 minutes\" \/>\n<script type=\"application\/ld+json\" class=\"yoast-schema-graph\">{\"@context\":\"https:\/\/schema.org\",\"@graph\":[{\"@type\":\"WebPage\",\"@id\":\"https:\/\/abegg-stiftung.ch\/en\/veranstaltungen\/\",\"url\":\"https:\/\/abegg-stiftung.ch\/en\/veranstaltungen\/\",\"name\":\"Events - Abegg-Stiftung\",\"isPartOf\":{\"@id\":\"https:\/\/abegg-stiftung.ch\/en\/#website\"},\"primaryImageOfPage\":{\"@id\":\"https:\/\/abegg-stiftung.ch\/en\/veranstaltungen\/#primaryimage\"},\"image\":{\"@id\":\"https:\/\/abegg-stiftung.ch\/en\/veranstaltungen\/#primaryimage\"},\"thumbnailUrl\":\"https:\/\/abegg-stiftung.ch\/app\/uploads\/2025\/04\/ABS_Veranstaltungen_Inv.-Nr.-8.52.63.jpg\",\"datePublished\":\"2024-05-28T08:13:01+00:00\",\"dateModified\":\"2025-05-26T06:29:16+00:00\",\"breadcrumb\":{\"@id\":\"https:\/\/abegg-stiftung.ch\/en\/veranstaltungen\/#breadcrumb\"},\"inLanguage\":\"en-US\",\"potentialAction\":[{\"@type\":\"ReadAction\",\"target\":[\"https:\/\/abegg-stiftung.ch\/en\/veranstaltungen\/\"]}]},{\"@type\":\"ImageObject\",\"inLanguage\":\"en-US\",\"@id\":\"https:\/\/abegg-stiftung.ch\/en\/veranstaltungen\/#primaryimage\",\"url\":\"https:\/\/abegg-stiftung.ch\/app\/uploads\/2025\/04\/ABS_Veranstaltungen_Inv.-Nr.-8.52.63.jpg\",\"contentUrl\":\"https:\/\/abegg-stiftung.ch\/app\/uploads\/2025\/04\/ABS_Veranstaltungen_Inv.-Nr.-8.52.63.jpg\"},{\"@type\":\"BreadcrumbList\",\"@id\":\"https:\/\/abegg-stiftung.ch\/en\/veranstaltungen\/#breadcrumb\",\"itemListElement\":[{\"@type\":\"ListItem\",\"position\":1,\"name\":\"Home\",\"item\":\"https:\/\/abegg-stiftung.ch\/en\/\"},{\"@type\":\"ListItem\",\"position\":2,\"name\":\"Events\"}]},{\"@type\":\"WebSite\",\"@id\":\"https:\/\/abegg-stiftung.ch\/en\/#website\",\"url\":\"https:\/\/abegg-stiftung.ch\/en\/\",\"name\":\"Abegg-Stiftung\",\"description\":\"Eine weitere WordPress-Seite\",\"potentialAction\":[{\"@type\":\"SearchAction\",\"target\":{\"@type\":\"EntryPoint\",\"urlTemplate\":\"https:\/\/abegg-stiftung.ch\/en\/?s={search_term_string}\"},\"query-input\":{\"@type\":\"PropertyValueSpecification\",\"valueRequired\":true,\"valueName\":\"search_term_string\"}}],\"inLanguage\":\"en-US\"}]}<\/script>\n<!-- \/ Yoast SEO plugin. -->","yoast_head_json":{"title":"Events - Abegg-Stiftung","robots":{"index":"index","follow":"follow","max-snippet":"max-snippet:-1","max-image-preview":"max-image-preview:large","max-video-preview":"max-video-preview:-1"},"canonical":"https:\/\/abegg-stiftung.ch\/en\/veranstaltungen\/","og_locale":"en_US","og_type":"article","og_title":"Events - Abegg-Stiftung","og_description":"Die Teilnahme an den Veranstaltungen und F\u00fchrungen ist kostenlos. Es gen\u00fcgt der Kauf eines Eintrittbillets von CHF\u00a010.\u2013 resp. CHF 5.\u2013 f\u00fcr Personen mit Erm\u00e4ssigung. Die Dauer betr\u00e4gt jeweils ca. 1 Stunde, sofern nicht anders angegeben. Eine Anmeldung ist in der Regel nicht n\u00f6tig. Wir freuen uns auf ihren Besuch. &nbsp; Mittwoch, 4. Juni 2025, 16:00 [&hellip;]","og_url":"https:\/\/abegg-stiftung.ch\/en\/veranstaltungen\/","og_site_name":"Abegg-Stiftung","article_modified_time":"2025-05-26T06:29:16+00:00","og_image":[{"url":"https:\/\/abegg-stiftung.ch\/app\/uploads\/2025\/04\/ABS_Veranstaltungen_Inv.-Nr.-8.52.63.jpg","type":"","width":"","height":""}],"twitter_card":"summary_large_image","twitter_misc":{"Est. reading time":"8 minutes"},"schema":{"@context":"https:\/\/schema.org","@graph":[{"@type":"WebPage","@id":"https:\/\/abegg-stiftung.ch\/en\/veranstaltungen\/","url":"https:\/\/abegg-stiftung.ch\/en\/veranstaltungen\/","name":"Events - Abegg-Stiftung","isPartOf":{"@id":"https:\/\/abegg-stiftung.ch\/en\/#website"},"primaryImageOfPage":{"@id":"https:\/\/abegg-stiftung.ch\/en\/veranstaltungen\/#primaryimage"},"image":{"@id":"https:\/\/abegg-stiftung.ch\/en\/veranstaltungen\/#primaryimage"},"thumbnailUrl":"https:\/\/abegg-stiftung.ch\/app\/uploads\/2025\/04\/ABS_Veranstaltungen_Inv.-Nr.-8.52.63.jpg","datePublished":"2024-05-28T08:13:01+00:00","dateModified":"2025-05-26T06:29:16+00:00","breadcrumb":{"@id":"https:\/\/abegg-stiftung.ch\/en\/veranstaltungen\/#breadcrumb"},"inLanguage":"en-US","potentialAction":[{"@type":"ReadAction","target":["https:\/\/abegg-stiftung.ch\/en\/veranstaltungen\/"]}]},{"@type":"ImageObject","inLanguage":"en-US","@id":"https:\/\/abegg-stiftung.ch\/en\/veranstaltungen\/#primaryimage","url":"https:\/\/abegg-stiftung.ch\/app\/uploads\/2025\/04\/ABS_Veranstaltungen_Inv.-Nr.-8.52.63.jpg","contentUrl":"https:\/\/abegg-stiftung.ch\/app\/uploads\/2025\/04\/ABS_Veranstaltungen_Inv.-Nr.-8.52.63.jpg"},{"@type":"BreadcrumbList","@id":"https:\/\/abegg-stiftung.ch\/en\/veranstaltungen\/#breadcrumb","itemListElement":[{"@type":"ListItem","position":1,"name":"Home","item":"https:\/\/abegg-stiftung.ch\/en\/"},{"@type":"ListItem","position":2,"name":"Events"}]},{"@type":"WebSite","@id":"https:\/\/abegg-stiftung.ch\/en\/#website","url":"https:\/\/abegg-stiftung.ch\/en\/","name":"Abegg-Stiftung","description":"Eine weitere WordPress-Seite","potentialAction":[{"@type":"SearchAction","target":{"@type":"EntryPoint","urlTemplate":"https:\/\/abegg-stiftung.ch\/en\/?s={search_term_string}"},"query-input":{"@type":"PropertyValueSpecification","valueRequired":true,"valueName":"search_term_string"}}],"inLanguage":"en-US"}]}},"_links":{"self":[{"href":"https:\/\/abegg-stiftung.ch\/en\/wp-json\/wp\/v2\/pages\/6946","targetHints":{"allow":["GET"]}}],"collection":[{"href":"https:\/\/abegg-stiftung.ch\/en\/wp-json\/wp\/v2\/pages"}],"about":[{"href":"https:\/\/abegg-stiftung.ch\/en\/wp-json\/wp\/v2\/types\/page"}],"author":[{"embeddable":true,"href":"https:\/\/abegg-stiftung.ch\/en\/wp-json\/wp\/v2\/users\/5"}],"replies":[{"embeddable":true,"href":"https:\/\/abegg-stiftung.ch\/en\/wp-json\/wp\/v2\/comments?post=6946"}],"version-history":[{"count":2,"href":"https:\/\/abegg-stiftung.ch\/en\/wp-json\/wp\/v2\/pages\/6946\/revisions"}],"predecessor-version":[{"id":7614,"href":"https:\/\/abegg-stiftung.ch\/en\/wp-json\/wp\/v2\/pages\/6946\/revisions\/7614"}],"wp:attachment":[{"href":"https:\/\/abegg-stiftung.ch\/en\/wp-json\/wp\/v2\/media?parent=6946"}],"curies":[{"name":"wp","href":"https:\/\/api.w.org\/{rel}","templated":true}]}}