{"id":3307,"date":"2016-02-29T09:55:36","date_gmt":"2016-02-29T08:55:36","guid":{"rendered":"https:\/\/abegg-stiftung.ch\/publication\/seidengewebe-des-18-jahrhunderts-iii\/"},"modified":"2019-04-23T16:27:30","modified_gmt":"2019-04-23T14:27:30","slug":"seidengewebe-des-18-jahrhunderts-iii","status":"publish","type":"product","link":"https:\/\/abegg-stiftung.ch\/en\/publication\/seidengewebe-des-18-jahrhunderts-iii\/","title":{"rendered":"Seidengewebe des 18. Jahrhunderts III"},"content":{"rendered":"<p>Der Bestandskatalog stellt s\u00e4mtliche in der Abegg-Stiftung bewahrten Seidengewebe mit sogenannten Spitzenmustern aus der Zeit um 1720 bis 1730 vor. Jedes Gewebe wird beschrieben und kunsthistorisch eingeordnet. In einer reich bebilderten Einf\u00fchrung werden die Gewebe durch Vergleiche mit Portr\u00e4tgem\u00e4lden sowie in anderen Sammlungen erhaltenen Gew\u00e4ndern in ihren historischen Kontext gesetzt. Ein Blick auf parallele Stilerscheinungen in anderen Textilgattungen rundet das Bild ab.<\/p>\n<p>Die Textilsammlung der Abegg-Stiftung Band 8 | Gewebeanalysen von V. Otavsk\u00e1. Mit englischer \u00dcbersetzung der Einf\u00fchrung. 392 S., 198 Abb., leinengeb., 23,5 x 31,5 cm, 2018, ISBN 978-3-905014-67-9<\/p>\n","protected":false},"excerpt":{"rendered":"<p>Spitzenmuster<\/p>\n","protected":false},"featured_media":3288,"comment_status":"open","ping_status":"closed","template":"","meta":{"_acf_changed":false,"_links_to":"","_links_to_target":""},"product_brand":[],"product_cat":[12],"product_tag":[],"class_list":{"0":"post-3307","1":"product","2":"type-product","3":"status-publish","4":"has-post-thumbnail","6":"product_cat-collection-catalogues","8":"first","9":"instock","10":"shipping-taxable","11":"purchasable","12":"product-type-simple"},"acf":[],"yoast_head":"<!-- This site is optimized with the Yoast SEO plugin v27.0 - https:\/\/yoast.com\/product\/yoast-seo-wordpress\/ -->\n<title>Seidengewebe des 18. Jahrhunderts III - Abegg-Stiftung<\/title>\n<meta name=\"robots\" content=\"index, follow, max-snippet:-1, max-image-preview:large, max-video-preview:-1\" \/>\n<link rel=\"canonical\" href=\"https:\/\/abegg-stiftung.ch\/en\/publication\/seidengewebe-des-18-jahrhunderts-iii\/\" \/>\n<meta property=\"og:locale\" content=\"en_US\" \/>\n<meta property=\"og:type\" content=\"article\" \/>\n<meta property=\"og:title\" content=\"Seidengewebe des 18. Jahrhunderts III - Abegg-Stiftung\" \/>\n<meta property=\"og:description\" content=\"Spitzenmuster\" \/>\n<meta property=\"og:url\" content=\"https:\/\/abegg-stiftung.ch\/en\/publication\/seidengewebe-des-18-jahrhunderts-iii\/\" \/>\n<meta property=\"og:site_name\" content=\"Abegg-Stiftung\" \/>\n<meta property=\"article:modified_time\" content=\"2019-04-23T14:27:30+00:00\" \/>\n<meta property=\"og:image\" content=\"https:\/\/abegg-stiftung.ch\/app\/uploads\/2018\/04\/Abegg_Publ_46-1024x1379.jpg\" \/>\n\t<meta property=\"og:image:width\" content=\"1024\" \/>\n\t<meta property=\"og:image:height\" content=\"1379\" \/>\n\t<meta property=\"og:image:type\" content=\"image\/jpeg\" \/>\n<meta name=\"twitter:card\" content=\"summary_large_image\" \/>\n<script type=\"application\/ld+json\" class=\"yoast-schema-graph\">{\"@context\":\"https:\/\/schema.org\",\"@graph\":[{\"@type\":\"WebPage\",\"@id\":\"https:\/\/abegg-stiftung.ch\/en\/publication\/seidengewebe-des-18-jahrhunderts-iii\/\",\"url\":\"https:\/\/abegg-stiftung.ch\/en\/publication\/seidengewebe-des-18-jahrhunderts-iii\/\",\"name\":\"Seidengewebe des 18. Jahrhunderts III - Abegg-Stiftung\",\"isPartOf\":{\"@id\":\"https:\/\/abegg-stiftung.ch\/en\/#website\"},\"primaryImageOfPage\":{\"@id\":\"https:\/\/abegg-stiftung.ch\/en\/publication\/seidengewebe-des-18-jahrhunderts-iii\/#primaryimage\"},\"image\":{\"@id\":\"https:\/\/abegg-stiftung.ch\/en\/publication\/seidengewebe-des-18-jahrhunderts-iii\/#primaryimage\"},\"thumbnailUrl\":\"https:\/\/abegg-stiftung.ch\/app\/uploads\/2018\/04\/Abegg_Publ_46.jpg\",\"datePublished\":\"2016-02-29T08:55:36+00:00\",\"dateModified\":\"2019-04-23T14:27:30+00:00\",\"breadcrumb\":{\"@id\":\"https:\/\/abegg-stiftung.ch\/en\/publication\/seidengewebe-des-18-jahrhunderts-iii\/#breadcrumb\"},\"inLanguage\":\"en-US\",\"potentialAction\":[{\"@type\":\"ReadAction\",\"target\":[\"https:\/\/abegg-stiftung.ch\/en\/publication\/seidengewebe-des-18-jahrhunderts-iii\/\"]}]},{\"@type\":\"ImageObject\",\"inLanguage\":\"en-US\",\"@id\":\"https:\/\/abegg-stiftung.ch\/en\/publication\/seidengewebe-des-18-jahrhunderts-iii\/#primaryimage\",\"url\":\"https:\/\/abegg-stiftung.ch\/app\/uploads\/2018\/04\/Abegg_Publ_46.jpg\",\"contentUrl\":\"https:\/\/abegg-stiftung.ch\/app\/uploads\/2018\/04\/Abegg_Publ_46.jpg\",\"width\":1812,\"height\":2441},{\"@type\":\"BreadcrumbList\",\"@id\":\"https:\/\/abegg-stiftung.ch\/en\/publication\/seidengewebe-des-18-jahrhunderts-iii\/#breadcrumb\",\"itemListElement\":[{\"@type\":\"ListItem\",\"position\":1,\"name\":\"Home\",\"item\":\"https:\/\/abegg-stiftung.ch\/en\/\"},{\"@type\":\"ListItem\",\"position\":2,\"name\":\"All available titles\",\"item\":\"https:\/\/abegg-stiftung.ch\/en\/all-available-titles\/\"},{\"@type\":\"ListItem\",\"position\":3,\"name\":\"Seidengewebe des 18. Jahrhunderts III\"}]},{\"@type\":\"WebSite\",\"@id\":\"https:\/\/abegg-stiftung.ch\/en\/#website\",\"url\":\"https:\/\/abegg-stiftung.ch\/en\/\",\"name\":\"Abegg-Stiftung\",\"description\":\"Eine weitere WordPress-Seite\",\"potentialAction\":[{\"@type\":\"SearchAction\",\"target\":{\"@type\":\"EntryPoint\",\"urlTemplate\":\"https:\/\/abegg-stiftung.ch\/en\/?s={search_term_string}\"},\"query-input\":{\"@type\":\"PropertyValueSpecification\",\"valueRequired\":true,\"valueName\":\"search_term_string\"}}],\"inLanguage\":\"en-US\"}]}<\/script>\n<!-- \/ Yoast SEO plugin. -->","yoast_head_json":{"title":"Seidengewebe des 18. Jahrhunderts III - Abegg-Stiftung","robots":{"index":"index","follow":"follow","max-snippet":"max-snippet:-1","max-image-preview":"max-image-preview:large","max-video-preview":"max-video-preview:-1"},"canonical":"https:\/\/abegg-stiftung.ch\/en\/publication\/seidengewebe-des-18-jahrhunderts-iii\/","og_locale":"en_US","og_type":"article","og_title":"Seidengewebe des 18. Jahrhunderts III - Abegg-Stiftung","og_description":"Spitzenmuster","og_url":"https:\/\/abegg-stiftung.ch\/en\/publication\/seidengewebe-des-18-jahrhunderts-iii\/","og_site_name":"Abegg-Stiftung","article_modified_time":"2019-04-23T14:27:30+00:00","og_image":[{"width":1024,"height":1379,"url":"https:\/\/abegg-stiftung.ch\/app\/uploads\/2018\/04\/Abegg_Publ_46-1024x1379.jpg","type":"image\/jpeg"}],"twitter_card":"summary_large_image","schema":{"@context":"https:\/\/schema.org","@graph":[{"@type":"WebPage","@id":"https:\/\/abegg-stiftung.ch\/en\/publication\/seidengewebe-des-18-jahrhunderts-iii\/","url":"https:\/\/abegg-stiftung.ch\/en\/publication\/seidengewebe-des-18-jahrhunderts-iii\/","name":"Seidengewebe des 18. Jahrhunderts III - Abegg-Stiftung","isPartOf":{"@id":"https:\/\/abegg-stiftung.ch\/en\/#website"},"primaryImageOfPage":{"@id":"https:\/\/abegg-stiftung.ch\/en\/publication\/seidengewebe-des-18-jahrhunderts-iii\/#primaryimage"},"image":{"@id":"https:\/\/abegg-stiftung.ch\/en\/publication\/seidengewebe-des-18-jahrhunderts-iii\/#primaryimage"},"thumbnailUrl":"https:\/\/abegg-stiftung.ch\/app\/uploads\/2018\/04\/Abegg_Publ_46.jpg","datePublished":"2016-02-29T08:55:36+00:00","dateModified":"2019-04-23T14:27:30+00:00","breadcrumb":{"@id":"https:\/\/abegg-stiftung.ch\/en\/publication\/seidengewebe-des-18-jahrhunderts-iii\/#breadcrumb"},"inLanguage":"en-US","potentialAction":[{"@type":"ReadAction","target":["https:\/\/abegg-stiftung.ch\/en\/publication\/seidengewebe-des-18-jahrhunderts-iii\/"]}]},{"@type":"ImageObject","inLanguage":"en-US","@id":"https:\/\/abegg-stiftung.ch\/en\/publication\/seidengewebe-des-18-jahrhunderts-iii\/#primaryimage","url":"https:\/\/abegg-stiftung.ch\/app\/uploads\/2018\/04\/Abegg_Publ_46.jpg","contentUrl":"https:\/\/abegg-stiftung.ch\/app\/uploads\/2018\/04\/Abegg_Publ_46.jpg","width":1812,"height":2441},{"@type":"BreadcrumbList","@id":"https:\/\/abegg-stiftung.ch\/en\/publication\/seidengewebe-des-18-jahrhunderts-iii\/#breadcrumb","itemListElement":[{"@type":"ListItem","position":1,"name":"Home","item":"https:\/\/abegg-stiftung.ch\/en\/"},{"@type":"ListItem","position":2,"name":"All available titles","item":"https:\/\/abegg-stiftung.ch\/en\/all-available-titles\/"},{"@type":"ListItem","position":3,"name":"Seidengewebe des 18. Jahrhunderts III"}]},{"@type":"WebSite","@id":"https:\/\/abegg-stiftung.ch\/en\/#website","url":"https:\/\/abegg-stiftung.ch\/en\/","name":"Abegg-Stiftung","description":"Eine weitere WordPress-Seite","potentialAction":[{"@type":"SearchAction","target":{"@type":"EntryPoint","urlTemplate":"https:\/\/abegg-stiftung.ch\/en\/?s={search_term_string}"},"query-input":{"@type":"PropertyValueSpecification","valueRequired":true,"valueName":"search_term_string"}}],"inLanguage":"en-US"}]}},"_links":{"self":[{"href":"https:\/\/abegg-stiftung.ch\/en\/wp-json\/wp\/v2\/product\/3307","targetHints":{"allow":["GET"]}}],"collection":[{"href":"https:\/\/abegg-stiftung.ch\/en\/wp-json\/wp\/v2\/product"}],"about":[{"href":"https:\/\/abegg-stiftung.ch\/en\/wp-json\/wp\/v2\/types\/product"}],"replies":[{"embeddable":true,"href":"https:\/\/abegg-stiftung.ch\/en\/wp-json\/wp\/v2\/comments?post=3307"}],"wp:featuredmedia":[{"embeddable":true,"href":"https:\/\/abegg-stiftung.ch\/en\/wp-json\/wp\/v2\/media\/3288"}],"wp:attachment":[{"href":"https:\/\/abegg-stiftung.ch\/en\/wp-json\/wp\/v2\/media?parent=3307"}],"wp:term":[{"taxonomy":"product_brand","embeddable":true,"href":"https:\/\/abegg-stiftung.ch\/en\/wp-json\/wp\/v2\/product_brand?post=3307"},{"taxonomy":"product_cat","embeddable":true,"href":"https:\/\/abegg-stiftung.ch\/en\/wp-json\/wp\/v2\/product_cat?post=3307"},{"taxonomy":"product_tag","embeddable":true,"href":"https:\/\/abegg-stiftung.ch\/en\/wp-json\/wp\/v2\/product_tag?post=3307"}],"curies":[{"name":"wp","href":"https:\/\/api.w.org\/{rel}","templated":true}]}}