{"id":914,"date":"2016-02-26T12:20:58","date_gmt":"2016-02-26T11:20:58","guid":{"rendered":"https:\/\/abegg-stiftung.ch\/en\/publication\/der-bemalte-behang-in-der-abegg-stiftung-in-riggisberg-eine-alttestamentliche-bildfolge-des-4-jahrhunderts\/"},"modified":"2016-03-28T15:20:06","modified_gmt":"2016-03-28T13:20:06","slug":"der-bemalte-behang-in-der-abegg-stiftung-in-riggisberg-eine-alttestamentliche-bildfolge-des-4-jahrhunderts","status":"publish","type":"product","link":"https:\/\/abegg-stiftung.ch\/en\/publication\/der-bemalte-behang-in-der-abegg-stiftung-in-riggisberg-eine-alttestamentliche-bildfolge-des-4-jahrhunderts\/","title":{"rendered":"Der bemalte Behang in der Abegg-Stiftung in Riggisberg"},"content":{"rendered":"<p>Der Behang geh\u00f6rt zu den bedeutendsten Zeugnissen fr\u00fcher Bibelillustration. In der Publikation wird er mit einer kunsthistorischen Er\u00f6rterung sowie mit Beitr\u00e4gen \u00fcber die mal- und kunsttechnologische Untersuchung und die Restaurierung vorgestellt.<\/p>\n<p>Riggisberger Berichte 11 | Mit Beitr\u00e4gen von M. Flury-Lemberg und U. Schie\u00dfl | 240 S., 180 Abb., brosch., 23 x 31 cm, 2004, ISBN 3-905014-27-0<\/p>\n","protected":false},"excerpt":{"rendered":"<p>Eine alttestamentliche Bildfolge des 4. Jahrhunderts<\/p>\n","protected":false},"featured_media":583,"comment_status":"open","ping_status":"closed","template":"","meta":{"_acf_changed":false,"_links_to":"","_links_to_target":""},"product_brand":[],"product_cat":[28],"product_tag":[],"class_list":{"0":"post-914","1":"product","2":"type-product","3":"status-publish","4":"has-post-thumbnail","6":"product_cat-riggisberger-berichte-en","8":"first","9":"instock","10":"shipping-taxable","11":"purchasable","12":"product-type-simple"},"acf":[],"yoast_head":"<!-- This site is optimized with the Yoast SEO plugin v27.0 - https:\/\/yoast.com\/product\/yoast-seo-wordpress\/ -->\n<title>Der bemalte Behang in der Abegg-Stiftung in Riggisberg - Abegg-Stiftung<\/title>\n<meta name=\"robots\" content=\"index, follow, max-snippet:-1, max-image-preview:large, max-video-preview:-1\" \/>\n<link rel=\"canonical\" href=\"https:\/\/abegg-stiftung.ch\/en\/publication\/der-bemalte-behang-in-der-abegg-stiftung-in-riggisberg-eine-alttestamentliche-bildfolge-des-4-jahrhunderts\/\" \/>\n<meta property=\"og:locale\" content=\"en_US\" \/>\n<meta property=\"og:type\" content=\"article\" \/>\n<meta property=\"og:title\" content=\"Der bemalte Behang in der Abegg-Stiftung in Riggisberg - Abegg-Stiftung\" \/>\n<meta property=\"og:description\" content=\"Eine alttestamentliche Bildfolge des 4. Jahrhunderts\" \/>\n<meta property=\"og:url\" content=\"https:\/\/abegg-stiftung.ch\/en\/publication\/der-bemalte-behang-in-der-abegg-stiftung-in-riggisberg-eine-alttestamentliche-bildfolge-des-4-jahrhunderts\/\" \/>\n<meta property=\"og:site_name\" content=\"Abegg-Stiftung\" \/>\n<meta property=\"article:modified_time\" content=\"2016-03-28T13:20:06+00:00\" \/>\n<meta property=\"og:image\" content=\"https:\/\/abegg-stiftung.ch\/app\/uploads\/2016\/01\/Abegg_Publ_29.jpg\" \/>\n\t<meta property=\"og:image:width\" content=\"1772\" \/>\n\t<meta property=\"og:image:height\" content=\"2398\" \/>\n\t<meta property=\"og:image:type\" content=\"image\/jpeg\" \/>\n<meta name=\"twitter:card\" content=\"summary_large_image\" \/>\n<script type=\"application\/ld+json\" class=\"yoast-schema-graph\">{\"@context\":\"https:\/\/schema.org\",\"@graph\":[{\"@type\":\"WebPage\",\"@id\":\"https:\/\/abegg-stiftung.ch\/en\/publication\/der-bemalte-behang-in-der-abegg-stiftung-in-riggisberg-eine-alttestamentliche-bildfolge-des-4-jahrhunderts\/\",\"url\":\"https:\/\/abegg-stiftung.ch\/en\/publication\/der-bemalte-behang-in-der-abegg-stiftung-in-riggisberg-eine-alttestamentliche-bildfolge-des-4-jahrhunderts\/\",\"name\":\"Der bemalte Behang in der Abegg-Stiftung in Riggisberg - Abegg-Stiftung\",\"isPartOf\":{\"@id\":\"https:\/\/abegg-stiftung.ch\/en\/#website\"},\"primaryImageOfPage\":{\"@id\":\"https:\/\/abegg-stiftung.ch\/en\/publication\/der-bemalte-behang-in-der-abegg-stiftung-in-riggisberg-eine-alttestamentliche-bildfolge-des-4-jahrhunderts\/#primaryimage\"},\"image\":{\"@id\":\"https:\/\/abegg-stiftung.ch\/en\/publication\/der-bemalte-behang-in-der-abegg-stiftung-in-riggisberg-eine-alttestamentliche-bildfolge-des-4-jahrhunderts\/#primaryimage\"},\"thumbnailUrl\":\"https:\/\/abegg-stiftung.ch\/app\/uploads\/2016\/01\/Abegg_Publ_29.jpg\",\"datePublished\":\"2016-02-26T11:20:58+00:00\",\"dateModified\":\"2016-03-28T13:20:06+00:00\",\"breadcrumb\":{\"@id\":\"https:\/\/abegg-stiftung.ch\/en\/publication\/der-bemalte-behang-in-der-abegg-stiftung-in-riggisberg-eine-alttestamentliche-bildfolge-des-4-jahrhunderts\/#breadcrumb\"},\"inLanguage\":\"en-US\",\"potentialAction\":[{\"@type\":\"ReadAction\",\"target\":[\"https:\/\/abegg-stiftung.ch\/en\/publication\/der-bemalte-behang-in-der-abegg-stiftung-in-riggisberg-eine-alttestamentliche-bildfolge-des-4-jahrhunderts\/\"]}]},{\"@type\":\"ImageObject\",\"inLanguage\":\"en-US\",\"@id\":\"https:\/\/abegg-stiftung.ch\/en\/publication\/der-bemalte-behang-in-der-abegg-stiftung-in-riggisberg-eine-alttestamentliche-bildfolge-des-4-jahrhunderts\/#primaryimage\",\"url\":\"https:\/\/abegg-stiftung.ch\/app\/uploads\/2016\/01\/Abegg_Publ_29.jpg\",\"contentUrl\":\"https:\/\/abegg-stiftung.ch\/app\/uploads\/2016\/01\/Abegg_Publ_29.jpg\",\"width\":1772,\"height\":2398},{\"@type\":\"BreadcrumbList\",\"@id\":\"https:\/\/abegg-stiftung.ch\/en\/publication\/der-bemalte-behang-in-der-abegg-stiftung-in-riggisberg-eine-alttestamentliche-bildfolge-des-4-jahrhunderts\/#breadcrumb\",\"itemListElement\":[{\"@type\":\"ListItem\",\"position\":1,\"name\":\"Home\",\"item\":\"https:\/\/abegg-stiftung.ch\/en\/\"},{\"@type\":\"ListItem\",\"position\":2,\"name\":\"All available titles\",\"item\":\"https:\/\/abegg-stiftung.ch\/en\/all-available-titles\/\"},{\"@type\":\"ListItem\",\"position\":3,\"name\":\"Der bemalte Behang in der Abegg-Stiftung in Riggisberg\"}]},{\"@type\":\"WebSite\",\"@id\":\"https:\/\/abegg-stiftung.ch\/en\/#website\",\"url\":\"https:\/\/abegg-stiftung.ch\/en\/\",\"name\":\"Abegg-Stiftung\",\"description\":\"Eine weitere WordPress-Seite\",\"potentialAction\":[{\"@type\":\"SearchAction\",\"target\":{\"@type\":\"EntryPoint\",\"urlTemplate\":\"https:\/\/abegg-stiftung.ch\/en\/?s={search_term_string}\"},\"query-input\":{\"@type\":\"PropertyValueSpecification\",\"valueRequired\":true,\"valueName\":\"search_term_string\"}}],\"inLanguage\":\"en-US\"}]}<\/script>\n<!-- \/ Yoast SEO plugin. -->","yoast_head_json":{"title":"Der bemalte Behang in der Abegg-Stiftung in Riggisberg - Abegg-Stiftung","robots":{"index":"index","follow":"follow","max-snippet":"max-snippet:-1","max-image-preview":"max-image-preview:large","max-video-preview":"max-video-preview:-1"},"canonical":"https:\/\/abegg-stiftung.ch\/en\/publication\/der-bemalte-behang-in-der-abegg-stiftung-in-riggisberg-eine-alttestamentliche-bildfolge-des-4-jahrhunderts\/","og_locale":"en_US","og_type":"article","og_title":"Der bemalte Behang in der Abegg-Stiftung in Riggisberg - Abegg-Stiftung","og_description":"Eine alttestamentliche Bildfolge des 4. Jahrhunderts","og_url":"https:\/\/abegg-stiftung.ch\/en\/publication\/der-bemalte-behang-in-der-abegg-stiftung-in-riggisberg-eine-alttestamentliche-bildfolge-des-4-jahrhunderts\/","og_site_name":"Abegg-Stiftung","article_modified_time":"2016-03-28T13:20:06+00:00","og_image":[{"width":1772,"height":2398,"url":"https:\/\/abegg-stiftung.ch\/app\/uploads\/2016\/01\/Abegg_Publ_29.jpg","type":"image\/jpeg"}],"twitter_card":"summary_large_image","schema":{"@context":"https:\/\/schema.org","@graph":[{"@type":"WebPage","@id":"https:\/\/abegg-stiftung.ch\/en\/publication\/der-bemalte-behang-in-der-abegg-stiftung-in-riggisberg-eine-alttestamentliche-bildfolge-des-4-jahrhunderts\/","url":"https:\/\/abegg-stiftung.ch\/en\/publication\/der-bemalte-behang-in-der-abegg-stiftung-in-riggisberg-eine-alttestamentliche-bildfolge-des-4-jahrhunderts\/","name":"Der bemalte Behang in der Abegg-Stiftung in Riggisberg - Abegg-Stiftung","isPartOf":{"@id":"https:\/\/abegg-stiftung.ch\/en\/#website"},"primaryImageOfPage":{"@id":"https:\/\/abegg-stiftung.ch\/en\/publication\/der-bemalte-behang-in-der-abegg-stiftung-in-riggisberg-eine-alttestamentliche-bildfolge-des-4-jahrhunderts\/#primaryimage"},"image":{"@id":"https:\/\/abegg-stiftung.ch\/en\/publication\/der-bemalte-behang-in-der-abegg-stiftung-in-riggisberg-eine-alttestamentliche-bildfolge-des-4-jahrhunderts\/#primaryimage"},"thumbnailUrl":"https:\/\/abegg-stiftung.ch\/app\/uploads\/2016\/01\/Abegg_Publ_29.jpg","datePublished":"2016-02-26T11:20:58+00:00","dateModified":"2016-03-28T13:20:06+00:00","breadcrumb":{"@id":"https:\/\/abegg-stiftung.ch\/en\/publication\/der-bemalte-behang-in-der-abegg-stiftung-in-riggisberg-eine-alttestamentliche-bildfolge-des-4-jahrhunderts\/#breadcrumb"},"inLanguage":"en-US","potentialAction":[{"@type":"ReadAction","target":["https:\/\/abegg-stiftung.ch\/en\/publication\/der-bemalte-behang-in-der-abegg-stiftung-in-riggisberg-eine-alttestamentliche-bildfolge-des-4-jahrhunderts\/"]}]},{"@type":"ImageObject","inLanguage":"en-US","@id":"https:\/\/abegg-stiftung.ch\/en\/publication\/der-bemalte-behang-in-der-abegg-stiftung-in-riggisberg-eine-alttestamentliche-bildfolge-des-4-jahrhunderts\/#primaryimage","url":"https:\/\/abegg-stiftung.ch\/app\/uploads\/2016\/01\/Abegg_Publ_29.jpg","contentUrl":"https:\/\/abegg-stiftung.ch\/app\/uploads\/2016\/01\/Abegg_Publ_29.jpg","width":1772,"height":2398},{"@type":"BreadcrumbList","@id":"https:\/\/abegg-stiftung.ch\/en\/publication\/der-bemalte-behang-in-der-abegg-stiftung-in-riggisberg-eine-alttestamentliche-bildfolge-des-4-jahrhunderts\/#breadcrumb","itemListElement":[{"@type":"ListItem","position":1,"name":"Home","item":"https:\/\/abegg-stiftung.ch\/en\/"},{"@type":"ListItem","position":2,"name":"All available titles","item":"https:\/\/abegg-stiftung.ch\/en\/all-available-titles\/"},{"@type":"ListItem","position":3,"name":"Der bemalte Behang in der Abegg-Stiftung in Riggisberg"}]},{"@type":"WebSite","@id":"https:\/\/abegg-stiftung.ch\/en\/#website","url":"https:\/\/abegg-stiftung.ch\/en\/","name":"Abegg-Stiftung","description":"Eine weitere WordPress-Seite","potentialAction":[{"@type":"SearchAction","target":{"@type":"EntryPoint","urlTemplate":"https:\/\/abegg-stiftung.ch\/en\/?s={search_term_string}"},"query-input":{"@type":"PropertyValueSpecification","valueRequired":true,"valueName":"search_term_string"}}],"inLanguage":"en-US"}]}},"_links":{"self":[{"href":"https:\/\/abegg-stiftung.ch\/en\/wp-json\/wp\/v2\/product\/914","targetHints":{"allow":["GET"]}}],"collection":[{"href":"https:\/\/abegg-stiftung.ch\/en\/wp-json\/wp\/v2\/product"}],"about":[{"href":"https:\/\/abegg-stiftung.ch\/en\/wp-json\/wp\/v2\/types\/product"}],"replies":[{"embeddable":true,"href":"https:\/\/abegg-stiftung.ch\/en\/wp-json\/wp\/v2\/comments?post=914"}],"wp:featuredmedia":[{"embeddable":true,"href":"https:\/\/abegg-stiftung.ch\/en\/wp-json\/wp\/v2\/media\/583"}],"wp:attachment":[{"href":"https:\/\/abegg-stiftung.ch\/en\/wp-json\/wp\/v2\/media?parent=914"}],"wp:term":[{"taxonomy":"product_brand","embeddable":true,"href":"https:\/\/abegg-stiftung.ch\/en\/wp-json\/wp\/v2\/product_brand?post=914"},{"taxonomy":"product_cat","embeddable":true,"href":"https:\/\/abegg-stiftung.ch\/en\/wp-json\/wp\/v2\/product_cat?post=914"},{"taxonomy":"product_tag","embeddable":true,"href":"https:\/\/abegg-stiftung.ch\/en\/wp-json\/wp\/v2\/product_tag?post=914"}],"curies":[{"name":"wp","href":"https:\/\/api.w.org\/{rel}","templated":true}]}}