{"id":917,"date":"2016-01-29T15:55:11","date_gmt":"2016-01-29T14:55:11","guid":{"rendered":"https:\/\/abegg-stiftung.ch\/en\/publication\/liturgische-gewaender-2\/"},"modified":"2016-04-11T13:20:23","modified_gmt":"2016-04-11T11:20:23","slug":"liturgische-gewaender-2","status":"publish","type":"product","link":"https:\/\/abegg-stiftung.ch\/en\/publication\/liturgische-gewaender-2\/","title":{"rendered":"Liturgische Gew\u00e4nder des Mittelalters aus  St. Nikolai in Stralsund"},"content":{"rendered":"<p>Stralsund besitzt einen der gr\u00f6ssten Sch\u00e4tze mittelalterlicher Kirchengew\u00e4nder. Diese zeugen von der hohen Repr\u00e4sentationskultur in der Hansestadt und bilden zugleich einen unsch\u00e4tzbaren Fundus zur Kenntnis mittelalterlicher Luxusstoffe. Der Katalog erfasst die Objekte nach technologischen Gesichtspunkten sowie kunsthistorischen Zusammenh\u00e4ngen. Schnittzeichnungen und Gewebeanalysen geben Einblick in die Technik ihrer Herstellung. Eine grossz\u00fcgige Bebilderung vermittelt ihre prachtvolle Wirkung.<\/p>\n<p>Technische Analysen von B. Krentz\u00a0|\u00a0368 S., 230 Abb., 116 Zeichnungen, leinengeb., 24,5 x 31 cm, 2008, ISBN 978-3-905014-37-2<\/p>\n","protected":false},"excerpt":{"rendered":"<p>Stralsund besitzt einen der gr\u00f6ssten Sch\u00e4tze mittelalterlicher Kirchengew\u00e4nder. Diese zeugen von der hohen Repr\u00e4sentationskultur in der Hansestadt und bilden zugleich einen unsch\u00e4tzbaren Fundus zur Kenntnis mittelalterlicher Luxusstoffe. Der Katalog erfasst die Objekte nach technologischen Gesichtspunkten sowie kunsthistorischen Zusammenh\u00e4ngen. Schnittzeichnungen und Gewebeanalysen geben Einblick in die Technik ihrer Herstellung. Eine grossz\u00fcgige Bebilderung vermittelt ihre prachtvolle Wirkung. [&hellip;]<\/p>\n","protected":false},"featured_media":653,"comment_status":"open","ping_status":"closed","template":"","meta":{"_acf_changed":false,"_links_to":"","_links_to_target":""},"product_brand":[],"product_cat":[26],"product_tag":[],"class_list":{"0":"post-917","1":"product","2":"type-product","3":"status-publish","4":"has-post-thumbnail","6":"product_cat-single-publications","8":"first","9":"instock","10":"shipping-taxable","11":"purchasable","12":"product-type-simple"},"acf":[],"yoast_head":"<!-- This site is optimized with the Yoast SEO plugin v27.0 - https:\/\/yoast.com\/product\/yoast-seo-wordpress\/ -->\n<title>Liturgische Gew\u00e4nder des Mittelalters aus St. Nikolai in Stralsund - Abegg-Stiftung<\/title>\n<meta name=\"robots\" content=\"index, follow, max-snippet:-1, max-image-preview:large, max-video-preview:-1\" \/>\n<link rel=\"canonical\" href=\"https:\/\/abegg-stiftung.ch\/en\/publication\/liturgische-gewaender-2\/\" \/>\n<meta property=\"og:locale\" content=\"en_US\" \/>\n<meta property=\"og:type\" content=\"article\" \/>\n<meta property=\"og:title\" content=\"Liturgische Gew\u00e4nder des Mittelalters aus St. Nikolai in Stralsund - Abegg-Stiftung\" \/>\n<meta property=\"og:description\" content=\"Stralsund besitzt einen der gr\u00f6ssten Sch\u00e4tze mittelalterlicher Kirchengew\u00e4nder. Diese zeugen von der hohen Repr\u00e4sentationskultur in der Hansestadt und bilden zugleich einen unsch\u00e4tzbaren Fundus zur Kenntnis mittelalterlicher Luxusstoffe. Der Katalog erfasst die Objekte nach technologischen Gesichtspunkten sowie kunsthistorischen Zusammenh\u00e4ngen. Schnittzeichnungen und Gewebeanalysen geben Einblick in die Technik ihrer Herstellung. Eine grossz\u00fcgige Bebilderung vermittelt ihre prachtvolle Wirkung. [&hellip;]\" \/>\n<meta property=\"og:url\" content=\"https:\/\/abegg-stiftung.ch\/en\/publication\/liturgische-gewaender-2\/\" \/>\n<meta property=\"og:site_name\" content=\"Abegg-Stiftung\" \/>\n<meta property=\"article:modified_time\" content=\"2016-04-11T11:20:23+00:00\" \/>\n<meta property=\"og:image\" content=\"https:\/\/abegg-stiftung.ch\/app\/uploads\/2016\/01\/Abegg_Publ_13.jpg\" \/>\n\t<meta property=\"og:image:width\" content=\"1772\" \/>\n\t<meta property=\"og:image:height\" content=\"2237\" \/>\n\t<meta property=\"og:image:type\" content=\"image\/jpeg\" \/>\n<meta name=\"twitter:card\" content=\"summary_large_image\" \/>\n<script type=\"application\/ld+json\" class=\"yoast-schema-graph\">{\"@context\":\"https:\/\/schema.org\",\"@graph\":[{\"@type\":\"WebPage\",\"@id\":\"https:\/\/abegg-stiftung.ch\/en\/publication\/liturgische-gewaender-2\/\",\"url\":\"https:\/\/abegg-stiftung.ch\/en\/publication\/liturgische-gewaender-2\/\",\"name\":\"Liturgische Gew\u00e4nder des Mittelalters aus St. Nikolai in Stralsund - Abegg-Stiftung\",\"isPartOf\":{\"@id\":\"https:\/\/abegg-stiftung.ch\/en\/#website\"},\"primaryImageOfPage\":{\"@id\":\"https:\/\/abegg-stiftung.ch\/en\/publication\/liturgische-gewaender-2\/#primaryimage\"},\"image\":{\"@id\":\"https:\/\/abegg-stiftung.ch\/en\/publication\/liturgische-gewaender-2\/#primaryimage\"},\"thumbnailUrl\":\"https:\/\/abegg-stiftung.ch\/app\/uploads\/2016\/01\/Abegg_Publ_13.jpg\",\"datePublished\":\"2016-01-29T14:55:11+00:00\",\"dateModified\":\"2016-04-11T11:20:23+00:00\",\"breadcrumb\":{\"@id\":\"https:\/\/abegg-stiftung.ch\/en\/publication\/liturgische-gewaender-2\/#breadcrumb\"},\"inLanguage\":\"en-US\",\"potentialAction\":[{\"@type\":\"ReadAction\",\"target\":[\"https:\/\/abegg-stiftung.ch\/en\/publication\/liturgische-gewaender-2\/\"]}]},{\"@type\":\"ImageObject\",\"inLanguage\":\"en-US\",\"@id\":\"https:\/\/abegg-stiftung.ch\/en\/publication\/liturgische-gewaender-2\/#primaryimage\",\"url\":\"https:\/\/abegg-stiftung.ch\/app\/uploads\/2016\/01\/Abegg_Publ_13.jpg\",\"contentUrl\":\"https:\/\/abegg-stiftung.ch\/app\/uploads\/2016\/01\/Abegg_Publ_13.jpg\",\"width\":1772,\"height\":2237},{\"@type\":\"BreadcrumbList\",\"@id\":\"https:\/\/abegg-stiftung.ch\/en\/publication\/liturgische-gewaender-2\/#breadcrumb\",\"itemListElement\":[{\"@type\":\"ListItem\",\"position\":1,\"name\":\"Home\",\"item\":\"https:\/\/abegg-stiftung.ch\/en\/\"},{\"@type\":\"ListItem\",\"position\":2,\"name\":\"All available titles\",\"item\":\"https:\/\/abegg-stiftung.ch\/en\/all-available-titles\/\"},{\"@type\":\"ListItem\",\"position\":3,\"name\":\"Liturgische Gew\u00e4nder des Mittelalters aus St. Nikolai in Stralsund\"}]},{\"@type\":\"WebSite\",\"@id\":\"https:\/\/abegg-stiftung.ch\/en\/#website\",\"url\":\"https:\/\/abegg-stiftung.ch\/en\/\",\"name\":\"Abegg-Stiftung\",\"description\":\"Eine weitere WordPress-Seite\",\"potentialAction\":[{\"@type\":\"SearchAction\",\"target\":{\"@type\":\"EntryPoint\",\"urlTemplate\":\"https:\/\/abegg-stiftung.ch\/en\/?s={search_term_string}\"},\"query-input\":{\"@type\":\"PropertyValueSpecification\",\"valueRequired\":true,\"valueName\":\"search_term_string\"}}],\"inLanguage\":\"en-US\"}]}<\/script>\n<!-- \/ Yoast SEO plugin. -->","yoast_head_json":{"title":"Liturgische Gew\u00e4nder des Mittelalters aus St. Nikolai in Stralsund - Abegg-Stiftung","robots":{"index":"index","follow":"follow","max-snippet":"max-snippet:-1","max-image-preview":"max-image-preview:large","max-video-preview":"max-video-preview:-1"},"canonical":"https:\/\/abegg-stiftung.ch\/en\/publication\/liturgische-gewaender-2\/","og_locale":"en_US","og_type":"article","og_title":"Liturgische Gew\u00e4nder des Mittelalters aus St. Nikolai in Stralsund - Abegg-Stiftung","og_description":"Stralsund besitzt einen der gr\u00f6ssten Sch\u00e4tze mittelalterlicher Kirchengew\u00e4nder. Diese zeugen von der hohen Repr\u00e4sentationskultur in der Hansestadt und bilden zugleich einen unsch\u00e4tzbaren Fundus zur Kenntnis mittelalterlicher Luxusstoffe. Der Katalog erfasst die Objekte nach technologischen Gesichtspunkten sowie kunsthistorischen Zusammenh\u00e4ngen. Schnittzeichnungen und Gewebeanalysen geben Einblick in die Technik ihrer Herstellung. Eine grossz\u00fcgige Bebilderung vermittelt ihre prachtvolle Wirkung. [&hellip;]","og_url":"https:\/\/abegg-stiftung.ch\/en\/publication\/liturgische-gewaender-2\/","og_site_name":"Abegg-Stiftung","article_modified_time":"2016-04-11T11:20:23+00:00","og_image":[{"width":1772,"height":2237,"url":"https:\/\/abegg-stiftung.ch\/app\/uploads\/2016\/01\/Abegg_Publ_13.jpg","type":"image\/jpeg"}],"twitter_card":"summary_large_image","schema":{"@context":"https:\/\/schema.org","@graph":[{"@type":"WebPage","@id":"https:\/\/abegg-stiftung.ch\/en\/publication\/liturgische-gewaender-2\/","url":"https:\/\/abegg-stiftung.ch\/en\/publication\/liturgische-gewaender-2\/","name":"Liturgische Gew\u00e4nder des Mittelalters aus St. Nikolai in Stralsund - Abegg-Stiftung","isPartOf":{"@id":"https:\/\/abegg-stiftung.ch\/en\/#website"},"primaryImageOfPage":{"@id":"https:\/\/abegg-stiftung.ch\/en\/publication\/liturgische-gewaender-2\/#primaryimage"},"image":{"@id":"https:\/\/abegg-stiftung.ch\/en\/publication\/liturgische-gewaender-2\/#primaryimage"},"thumbnailUrl":"https:\/\/abegg-stiftung.ch\/app\/uploads\/2016\/01\/Abegg_Publ_13.jpg","datePublished":"2016-01-29T14:55:11+00:00","dateModified":"2016-04-11T11:20:23+00:00","breadcrumb":{"@id":"https:\/\/abegg-stiftung.ch\/en\/publication\/liturgische-gewaender-2\/#breadcrumb"},"inLanguage":"en-US","potentialAction":[{"@type":"ReadAction","target":["https:\/\/abegg-stiftung.ch\/en\/publication\/liturgische-gewaender-2\/"]}]},{"@type":"ImageObject","inLanguage":"en-US","@id":"https:\/\/abegg-stiftung.ch\/en\/publication\/liturgische-gewaender-2\/#primaryimage","url":"https:\/\/abegg-stiftung.ch\/app\/uploads\/2016\/01\/Abegg_Publ_13.jpg","contentUrl":"https:\/\/abegg-stiftung.ch\/app\/uploads\/2016\/01\/Abegg_Publ_13.jpg","width":1772,"height":2237},{"@type":"BreadcrumbList","@id":"https:\/\/abegg-stiftung.ch\/en\/publication\/liturgische-gewaender-2\/#breadcrumb","itemListElement":[{"@type":"ListItem","position":1,"name":"Home","item":"https:\/\/abegg-stiftung.ch\/en\/"},{"@type":"ListItem","position":2,"name":"All available titles","item":"https:\/\/abegg-stiftung.ch\/en\/all-available-titles\/"},{"@type":"ListItem","position":3,"name":"Liturgische Gew\u00e4nder des Mittelalters aus St. Nikolai in Stralsund"}]},{"@type":"WebSite","@id":"https:\/\/abegg-stiftung.ch\/en\/#website","url":"https:\/\/abegg-stiftung.ch\/en\/","name":"Abegg-Stiftung","description":"Eine weitere WordPress-Seite","potentialAction":[{"@type":"SearchAction","target":{"@type":"EntryPoint","urlTemplate":"https:\/\/abegg-stiftung.ch\/en\/?s={search_term_string}"},"query-input":{"@type":"PropertyValueSpecification","valueRequired":true,"valueName":"search_term_string"}}],"inLanguage":"en-US"}]}},"_links":{"self":[{"href":"https:\/\/abegg-stiftung.ch\/en\/wp-json\/wp\/v2\/product\/917","targetHints":{"allow":["GET"]}}],"collection":[{"href":"https:\/\/abegg-stiftung.ch\/en\/wp-json\/wp\/v2\/product"}],"about":[{"href":"https:\/\/abegg-stiftung.ch\/en\/wp-json\/wp\/v2\/types\/product"}],"replies":[{"embeddable":true,"href":"https:\/\/abegg-stiftung.ch\/en\/wp-json\/wp\/v2\/comments?post=917"}],"wp:featuredmedia":[{"embeddable":true,"href":"https:\/\/abegg-stiftung.ch\/en\/wp-json\/wp\/v2\/media\/653"}],"wp:attachment":[{"href":"https:\/\/abegg-stiftung.ch\/en\/wp-json\/wp\/v2\/media?parent=917"}],"wp:term":[{"taxonomy":"product_brand","embeddable":true,"href":"https:\/\/abegg-stiftung.ch\/en\/wp-json\/wp\/v2\/product_brand?post=917"},{"taxonomy":"product_cat","embeddable":true,"href":"https:\/\/abegg-stiftung.ch\/en\/wp-json\/wp\/v2\/product_cat?post=917"},{"taxonomy":"product_tag","embeddable":true,"href":"https:\/\/abegg-stiftung.ch\/en\/wp-json\/wp\/v2\/product_tag?post=917"}],"curies":[{"name":"wp","href":"https:\/\/api.w.org\/{rel}","templated":true}]}}